{"id":3255,"date":"2026-04-16T12:06:13","date_gmt":"2026-04-16T10:06:13","guid":{"rendered":"https:\/\/europcamping.fr\/?page_id=3255"},"modified":"2026-04-16T15:56:53","modified_gmt":"2026-04-16T13:56:53","slug":"animations-a-venir","status":"publish","type":"page","link":"https:\/\/europcamping.fr\/index.php\/animations-a-venir\/","title":{"rendered":"Animations \u00e0 venir"},"content":{"rendered":"\t\t<div data-elementor-type=\"wp-page\" data-elementor-id=\"3255\" class=\"elementor elementor-3255\">\n\t\t\t\t<div class=\"elementor-element elementor-element-5791af5 e-flex e-con-boxed e-con e-parent\" data-id=\"5791af5\" data-element_type=\"container\">\n\t\t\t\t\t<div class=\"e-con-inner\">\n\t\t\t\t<div class=\"elementor-element elementor-element-580c542 elementor-widget elementor-widget-text-editor\" data-id=\"580c542\" data-element_type=\"widget\" data-widget_type=\"text-editor.default\">\n\t\t\t\t<div class=\"elementor-widget-container\">\n\t\t\t\t\t\t\t\t\t<p>ANIMATIONS SAISON 2026\u00a0\u00a0<\/p>\t\t\t\t\t\t\t\t<\/div>\n\t\t\t\t<\/div>\n\t\t\t\t<div class=\"elementor-element elementor-element-22b5d51 elementor-widget elementor-widget-spacer\" data-id=\"22b5d51\" data-element_type=\"widget\" data-widget_type=\"spacer.default\">\n\t\t\t\t<div class=\"elementor-widget-container\">\n\t\t\t\t\t\t\t<div class=\"elementor-spacer\">\n\t\t\t<div class=\"elementor-spacer-inner\"><\/div>\n\t\t<\/div>\n\t\t\t\t\t\t<\/div>\n\t\t\t\t<\/div>\n\t\t\t\t\t<\/div>\n\t\t\t\t<\/div>\n\t\t<div class=\"elementor-element elementor-element-1221ec5 e-flex e-con-boxed e-con e-parent\" data-id=\"1221ec5\" data-element_type=\"container\">\n\t\t\t\t\t<div class=\"e-con-inner\">\n\t\t\t\t<div class=\"elementor-element elementor-element-d57364d elementor-widget elementor-widget-heading\" data-id=\"d57364d\" data-element_type=\"widget\" data-widget_type=\"heading.default\">\n\t\t\t\t<div class=\"elementor-widget-container\">\n\t\t\t\t\t<h2 class=\"elementor-heading-title elementor-size-default\">\ud83d\udcda OUVERTURE DE LA BIBLIOTH\u00c8QUE \ud83c\udf89<\/h2>\t\t\t\t<\/div>\n\t\t\t\t<\/div>\n\t\t\t\t<div class=\"elementor-element elementor-element-2e8e618 elementor-widget elementor-widget-text-editor\" data-id=\"2e8e618\" data-element_type=\"widget\" data-widget_type=\"text-editor.default\">\n\t\t\t\t<div class=\"elementor-widget-container\">\n\t\t\t\t\t\t\t\t\t<p data-start=\"89\" data-end=\"129\">\u00a0<\/p><p data-start=\"131\" data-end=\"229\">Nous avons le plaisir de vous annoncer l\u2019ouverture de la biblioth\u00e8que du camping <strong data-start=\"212\" data-end=\"225\">d\u00e9but mai<\/strong> !<\/p><p data-start=\"231\" data-end=\"384\">\u00c0 cette occasion, un <strong data-start=\"252\" data-end=\"274\">concours de dessin<\/strong> est organis\u00e9 du <strong data-start=\"291\" data-end=\"308\">1er au 25 mai<\/strong> \ud83d\udd8d\ufe0f<br data-start=\"312\" data-end=\"315\" \/>Venez exprimer votre cr\u00e9ativit\u00e9 et tenter de gagner des glaces !<\/p><p data-start=\"386\" data-end=\"422\">\ud83d\udc49 Ouvert \u00e0 tous, petits et grands<\/p><p data-start=\"424\" data-end=\"491\">Nous vous attendons nombreux pour partager ce moment convivial \ud83d\ude0a<\/p>\t\t\t\t\t\t\t\t<\/div>\n\t\t\t\t<\/div>\n\t\t\t\t\t<\/div>\n\t\t\t\t<\/div>\n\t\t<div class=\"elementor-element elementor-element-465b307 e-flex e-con-boxed e-con e-parent\" data-id=\"465b307\" data-element_type=\"container\">\n\t\t\t\t\t<div class=\"e-con-inner\">\n\t\t<div class=\"elementor-element elementor-element-1e9e1b9 e-con-full e-flex e-con e-child\" data-id=\"1e9e1b9\" data-element_type=\"container\">\n\t\t\t\t<div class=\"elementor-element elementor-element-503d800 elementor-absolute elementor-widget elementor-widget-image\" data-id=\"503d800\" data-element_type=\"widget\" data-settings=\"{&quot;_position&quot;:&quot;absolute&quot;}\" data-widget_type=\"image.default\">\n\t\t\t\t<div class=\"elementor-widget-container\">\n\t\t\t\t\t\t\t\t\t\t\t\t\t\t\t<img fetchpriority=\"high\" decoding=\"async\" width=\"1240\" height=\"1753\" src=\"https:\/\/europcamping.fr\/wp-content\/uploads\/2026\/04\/HORAIRES-D-OUVERTURE-DE-LA-BIBLIOTHEQUE_page-0001.jpg\" class=\"attachment-full size-full wp-image-3310\" alt=\"\" srcset=\"https:\/\/europcamping.fr\/wp-content\/uploads\/2026\/04\/HORAIRES-D-OUVERTURE-DE-LA-BIBLIOTHEQUE_page-0001.jpg 1240w, https:\/\/europcamping.fr\/wp-content\/uploads\/2026\/04\/HORAIRES-D-OUVERTURE-DE-LA-BIBLIOTHEQUE_page-0001-212x300.jpg 212w, https:\/\/europcamping.fr\/wp-content\/uploads\/2026\/04\/HORAIRES-D-OUVERTURE-DE-LA-BIBLIOTHEQUE_page-0001-724x1024.jpg 724w, https:\/\/europcamping.fr\/wp-content\/uploads\/2026\/04\/HORAIRES-D-OUVERTURE-DE-LA-BIBLIOTHEQUE_page-0001-768x1086.jpg 768w, https:\/\/europcamping.fr\/wp-content\/uploads\/2026\/04\/HORAIRES-D-OUVERTURE-DE-LA-BIBLIOTHEQUE_page-0001-1087x1536.jpg 1087w, https:\/\/europcamping.fr\/wp-content\/uploads\/2026\/04\/HORAIRES-D-OUVERTURE-DE-LA-BIBLIOTHEQUE_page-0001-1024x1448.jpg 1024w, https:\/\/europcamping.fr\/wp-content\/uploads\/2026\/04\/HORAIRES-D-OUVERTURE-DE-LA-BIBLIOTHEQUE_page-0001-764x1080.jpg 764w\" sizes=\"(max-width: 1240px) 100vw, 1240px\" \/>\t\t\t\t\t\t\t\t\t\t\t\t\t\t\t<\/div>\n\t\t\t\t<\/div>\n\t\t\t\t<\/div>\n\t\t<div class=\"elementor-element elementor-element-897408a e-con-full e-flex e-con e-child\" data-id=\"897408a\" data-element_type=\"container\">\n\t\t\t\t<div class=\"elementor-element elementor-element-57677ae elementor-widget elementor-widget-image\" data-id=\"57677ae\" data-element_type=\"widget\" data-widget_type=\"image.default\">\n\t\t\t\t<div class=\"elementor-widget-container\">\n\t\t\t\t\t\t\t\t\t\t\t\t\t\t\t<img decoding=\"async\" width=\"683\" height=\"1024\" src=\"https:\/\/europcamping.fr\/wp-content\/uploads\/2026\/04\/ChatGPT-Image-15-avr.-2026-20_47_41-683x1024.png\" class=\"attachment-large size-large wp-image-3309\" alt=\"\" srcset=\"https:\/\/europcamping.fr\/wp-content\/uploads\/2026\/04\/ChatGPT-Image-15-avr.-2026-20_47_41-683x1024.png 683w, https:\/\/europcamping.fr\/wp-content\/uploads\/2026\/04\/ChatGPT-Image-15-avr.-2026-20_47_41-200x300.png 200w, https:\/\/europcamping.fr\/wp-content\/uploads\/2026\/04\/ChatGPT-Image-15-avr.-2026-20_47_41-768x1152.png 768w, https:\/\/europcamping.fr\/wp-content\/uploads\/2026\/04\/ChatGPT-Image-15-avr.-2026-20_47_41-720x1080.png 720w, https:\/\/europcamping.fr\/wp-content\/uploads\/2026\/04\/ChatGPT-Image-15-avr.-2026-20_47_41.png 1024w\" sizes=\"(max-width: 683px) 100vw, 683px\" \/>\t\t\t\t\t\t\t\t\t\t\t\t\t\t\t<\/div>\n\t\t\t\t<\/div>\n\t\t\t\t<\/div>\n\t\t\t\t\t<\/div>\n\t\t\t\t<\/div>\n\t\t<div class=\"elementor-element elementor-element-edb30c5 e-flex e-con-boxed e-con e-parent\" data-id=\"edb30c5\" data-element_type=\"container\">\n\t\t\t\t\t<div class=\"e-con-inner\">\n\t\t\t\t<div class=\"elementor-element elementor-element-0d87370 elementor-widget-divider--separator-type-pattern elementor-widget-divider--view-line elementor-widget elementor-widget-divider\" data-id=\"0d87370\" data-element_type=\"widget\" data-widget_type=\"divider.default\">\n\t\t\t\t<div class=\"elementor-widget-container\">\n\t\t\t\t\t\t\t<div class=\"elementor-divider\" style=\"--divider-pattern-url: url(&quot;data:image\/svg+xml,%3Csvg xmlns=&#039;http:\/\/www.w3.org\/2000\/svg&#039; preserveAspectRatio=&#039;none&#039; overflow=&#039;visible&#039; height=&#039;100%&#039; viewBox=&#039;0 0 24 24&#039; fill=&#039;none&#039; stroke=&#039;black&#039; stroke-width=&#039;1&#039; stroke-linecap=&#039;square&#039; stroke-miterlimit=&#039;10&#039;%3E%3Cpath d=&#039;M0,6c6,0,0.9,11.1,6.9,11.1S18,6,24,6&#039;\/%3E%3C\/svg%3E&quot;);\">\n\t\t\t<span class=\"elementor-divider-separator\">\n\t\t\t\t\t\t<\/span>\n\t\t<\/div>\n\t\t\t\t\t\t<\/div>\n\t\t\t\t<\/div>\n\t\t\t\t\t<\/div>\n\t\t\t\t<\/div>\n\t\t<div class=\"elementor-element elementor-element-d2b687d e-flex e-con-boxed e-con e-parent\" data-id=\"d2b687d\" data-element_type=\"container\">\n\t\t\t\t\t<div class=\"e-con-inner\">\n\t\t\t\t<div class=\"elementor-element elementor-element-d8ef059 elementor-widget elementor-widget-heading\" data-id=\"d8ef059\" data-element_type=\"widget\" data-widget_type=\"heading.default\">\n\t\t\t\t<div class=\"elementor-widget-container\">\n\t\t\t\t\t<h2 class=\"elementor-heading-title elementor-size-default\">\ud83c\udfa4 DUO NIGHT &amp; DAY EN CONCERT \ud83c\udfa4\n\ud83d\udccd \u00c0 L\u2019OASIS<\/h2>\t\t\t\t<\/div>\n\t\t\t\t<\/div>\n\t\t\t\t\t<\/div>\n\t\t\t\t<\/div>\n\t\t<div class=\"elementor-element elementor-element-b047a21 e-flex e-con-boxed e-con e-parent\" data-id=\"b047a21\" data-element_type=\"container\">\n\t\t\t\t\t<div class=\"e-con-inner\">\n\t\t\t\t<div class=\"elementor-element elementor-element-9f94f47 elementor-widget elementor-widget-image\" data-id=\"9f94f47\" data-element_type=\"widget\" data-widget_type=\"image.default\">\n\t\t\t\t<div class=\"elementor-widget-container\">\n\t\t\t\t\t\t\t\t\t\t\t\t\t\t\t<img decoding=\"async\" width=\"717\" height=\"1024\" src=\"https:\/\/europcamping.fr\/wp-content\/uploads\/2026\/04\/WhatsApp-Image-2026-04-02-at-10.36.11-717x1024.jpeg\" class=\"attachment-large size-large wp-image-3166\" alt=\"\" srcset=\"https:\/\/europcamping.fr\/wp-content\/uploads\/2026\/04\/WhatsApp-Image-2026-04-02-at-10.36.11-717x1024.jpeg 717w, https:\/\/europcamping.fr\/wp-content\/uploads\/2026\/04\/WhatsApp-Image-2026-04-02-at-10.36.11-210x300.jpeg 210w, https:\/\/europcamping.fr\/wp-content\/uploads\/2026\/04\/WhatsApp-Image-2026-04-02-at-10.36.11-768x1097.jpeg 768w, https:\/\/europcamping.fr\/wp-content\/uploads\/2026\/04\/WhatsApp-Image-2026-04-02-at-10.36.11-1075x1536.jpeg 1075w, https:\/\/europcamping.fr\/wp-content\/uploads\/2026\/04\/WhatsApp-Image-2026-04-02-at-10.36.11-1024x1463.jpeg 1024w, https:\/\/europcamping.fr\/wp-content\/uploads\/2026\/04\/WhatsApp-Image-2026-04-02-at-10.36.11-756x1080.jpeg 756w, https:\/\/europcamping.fr\/wp-content\/uploads\/2026\/04\/WhatsApp-Image-2026-04-02-at-10.36.11.jpeg 1120w\" sizes=\"(max-width: 717px) 100vw, 717px\" \/>\t\t\t\t\t\t\t\t\t\t\t\t\t\t\t<\/div>\n\t\t\t\t<\/div>\n\t\t\t\t<div class=\"elementor-element elementor-element-8faf744 elementor-widget-divider--separator-type-pattern elementor-widget-divider--view-line elementor-widget elementor-widget-divider\" data-id=\"8faf744\" data-element_type=\"widget\" data-widget_type=\"divider.default\">\n\t\t\t\t<div class=\"elementor-widget-container\">\n\t\t\t\t\t\t\t<div class=\"elementor-divider\" style=\"--divider-pattern-url: url(&quot;data:image\/svg+xml,%3Csvg xmlns=&#039;http:\/\/www.w3.org\/2000\/svg&#039; preserveAspectRatio=&#039;none&#039; overflow=&#039;visible&#039; height=&#039;100%&#039; viewBox=&#039;0 0 24 24&#039; fill=&#039;none&#039; stroke=&#039;black&#039; stroke-width=&#039;1&#039; stroke-linecap=&#039;square&#039; stroke-miterlimit=&#039;10&#039;%3E%3Cpath d=&#039;M0,6c6,0,0.9,11.1,6.9,11.1S18,6,24,6&#039;\/%3E%3C\/svg%3E&quot;);\">\n\t\t\t<span class=\"elementor-divider-separator\">\n\t\t\t\t\t\t<\/span>\n\t\t<\/div>\n\t\t\t\t\t\t<\/div>\n\t\t\t\t<\/div>\n\t\t\t\t\t<\/div>\n\t\t\t\t<\/div>\n\t\t<div class=\"elementor-element elementor-element-dcf4235 e-flex e-con-boxed e-con e-parent\" data-id=\"dcf4235\" data-element_type=\"container\">\n\t\t\t\t\t<div class=\"e-con-inner\">\n\t\t\t\t<div class=\"elementor-element elementor-element-6ad64b2 elementor-widget elementor-widget-heading\" data-id=\"6ad64b2\" data-element_type=\"widget\" data-widget_type=\"heading.default\">\n\t\t\t\t<div class=\"elementor-widget-container\">\n\t\t\t\t\t<h2 class=\"elementor-heading-title elementor-size-default\">\ud83d\udd25 Samedi 9 Mai \u2013 Soir\u00e9e Rock 70 en Live \u00e0 L\u2019Oasis \ud83d\udd25<\/h2>\t\t\t\t<\/div>\n\t\t\t\t<\/div>\n\t\t\t\t\t<\/div>\n\t\t\t\t<\/div>\n\t\t<div class=\"elementor-element elementor-element-0f2e055 e-flex e-con-boxed e-con e-parent\" data-id=\"0f2e055\" data-element_type=\"container\">\n\t\t\t\t\t<div class=\"e-con-inner\">\n\t\t\t\t<div class=\"elementor-element elementor-element-9cc8478 elementor-widget elementor-widget-image\" data-id=\"9cc8478\" data-element_type=\"widget\" data-widget_type=\"image.default\">\n\t\t\t\t<div class=\"elementor-widget-container\">\n\t\t\t\t\t\t\t\t\t\t\t\t\t\t\t<img loading=\"lazy\" decoding=\"async\" width=\"698\" height=\"1024\" src=\"https:\/\/europcamping.fr\/wp-content\/uploads\/2026\/03\/WhatsApp-Image-2026-03-06-at-11.29.17-698x1024.jpeg\" class=\"attachment-large size-large wp-image-3048\" alt=\"\" srcset=\"https:\/\/europcamping.fr\/wp-content\/uploads\/2026\/03\/WhatsApp-Image-2026-03-06-at-11.29.17-698x1024.jpeg 698w, https:\/\/europcamping.fr\/wp-content\/uploads\/2026\/03\/WhatsApp-Image-2026-03-06-at-11.29.17-205x300.jpeg 205w, https:\/\/europcamping.fr\/wp-content\/uploads\/2026\/03\/WhatsApp-Image-2026-03-06-at-11.29.17-768x1126.jpeg 768w, https:\/\/europcamping.fr\/wp-content\/uploads\/2026\/03\/WhatsApp-Image-2026-03-06-at-11.29.17-1047x1536.jpeg 1047w, https:\/\/europcamping.fr\/wp-content\/uploads\/2026\/03\/WhatsApp-Image-2026-03-06-at-11.29.17-1024x1502.jpeg 1024w, https:\/\/europcamping.fr\/wp-content\/uploads\/2026\/03\/WhatsApp-Image-2026-03-06-at-11.29.17-736x1080.jpeg 736w, https:\/\/europcamping.fr\/wp-content\/uploads\/2026\/03\/WhatsApp-Image-2026-03-06-at-11.29.17.jpeg 1091w\" sizes=\"(max-width: 698px) 100vw, 698px\" \/>\t\t\t\t\t\t\t\t\t\t\t\t\t\t\t<\/div>\n\t\t\t\t<\/div>\n\t\t\t\t<div class=\"elementor-element elementor-element-b82613f elementor-widget-divider--separator-type-pattern elementor-widget-divider--view-line elementor-widget elementor-widget-divider\" data-id=\"b82613f\" data-element_type=\"widget\" data-widget_type=\"divider.default\">\n\t\t\t\t<div class=\"elementor-widget-container\">\n\t\t\t\t\t\t\t<div class=\"elementor-divider\" style=\"--divider-pattern-url: url(&quot;data:image\/svg+xml,%3Csvg xmlns=&#039;http:\/\/www.w3.org\/2000\/svg&#039; preserveAspectRatio=&#039;none&#039; overflow=&#039;visible&#039; height=&#039;100%&#039; viewBox=&#039;0 0 24 24&#039; fill=&#039;none&#039; stroke=&#039;black&#039; stroke-width=&#039;1&#039; stroke-linecap=&#039;square&#039; stroke-miterlimit=&#039;10&#039;%3E%3Cpath d=&#039;M0,6c6,0,0.9,11.1,6.9,11.1S18,6,24,6&#039;\/%3E%3C\/svg%3E&quot;);\">\n\t\t\t<span class=\"elementor-divider-separator\">\n\t\t\t\t\t\t<\/span>\n\t\t<\/div>\n\t\t\t\t\t\t<\/div>\n\t\t\t\t<\/div>\n\t\t\t\t\t<\/div>\n\t\t\t\t<\/div>\n\t\t<div class=\"elementor-element elementor-element-5edd590 e-flex e-con-boxed e-con e-parent\" data-id=\"5edd590\" data-element_type=\"container\">\n\t\t\t\t\t<div class=\"e-con-inner\">\n\t\t\t\t<div class=\"elementor-element elementor-element-7827920 elementor-widget elementor-widget-heading\" data-id=\"7827920\" data-element_type=\"widget\" data-widget_type=\"heading.default\">\n\t\t\t\t<div class=\"elementor-widget-container\">\n\t\t\t\t\t<h2 class=\"elementor-heading-title elementor-size-default\">\ud83c\udf89 GRAND LOTO \ud83c\udf89\n\ud83d\udcc5 Mardi12 Mai 2026\n\u2728 Nombreux lots \u00e0 gagner !<\/h2>\t\t\t\t<\/div>\n\t\t\t\t<\/div>\n\t\t\t\t\t<\/div>\n\t\t\t\t<\/div>\n\t\t<div class=\"elementor-element elementor-element-a39cdb6 e-flex e-con-boxed e-con e-parent\" data-id=\"a39cdb6\" data-element_type=\"container\">\n\t\t\t\t\t<div class=\"e-con-inner\">\n\t\t\t\t<div class=\"elementor-element elementor-element-625d964 elementor-widget elementor-widget-image\" data-id=\"625d964\" data-element_type=\"widget\" data-widget_type=\"image.default\">\n\t\t\t\t<div class=\"elementor-widget-container\">\n\t\t\t\t\t\t\t\t\t\t\t\t\t\t\t<img loading=\"lazy\" decoding=\"async\" width=\"683\" height=\"1024\" src=\"https:\/\/europcamping.fr\/wp-content\/uploads\/2026\/04\/nouvelle-affiche-loto-683x1024.png\" class=\"attachment-large size-large wp-image-3181\" alt=\"\" srcset=\"https:\/\/europcamping.fr\/wp-content\/uploads\/2026\/04\/nouvelle-affiche-loto-683x1024.png 683w, https:\/\/europcamping.fr\/wp-content\/uploads\/2026\/04\/nouvelle-affiche-loto-200x300.png 200w, https:\/\/europcamping.fr\/wp-content\/uploads\/2026\/04\/nouvelle-affiche-loto-768x1152.png 768w, https:\/\/europcamping.fr\/wp-content\/uploads\/2026\/04\/nouvelle-affiche-loto-720x1080.png 720w, https:\/\/europcamping.fr\/wp-content\/uploads\/2026\/04\/nouvelle-affiche-loto.png 1024w\" sizes=\"(max-width: 683px) 100vw, 683px\" \/>\t\t\t\t\t\t\t\t\t\t\t\t\t\t\t<\/div>\n\t\t\t\t<\/div>\n\t\t\t\t<div class=\"elementor-element elementor-element-6bc7076 elementor-widget-divider--separator-type-pattern elementor-widget-divider--view-line elementor-widget elementor-widget-divider\" data-id=\"6bc7076\" data-element_type=\"widget\" data-widget_type=\"divider.default\">\n\t\t\t\t<div class=\"elementor-widget-container\">\n\t\t\t\t\t\t\t<div class=\"elementor-divider\" style=\"--divider-pattern-url: url(&quot;data:image\/svg+xml,%3Csvg xmlns=&#039;http:\/\/www.w3.org\/2000\/svg&#039; preserveAspectRatio=&#039;none&#039; overflow=&#039;visible&#039; height=&#039;100%&#039; viewBox=&#039;0 0 24 24&#039; fill=&#039;none&#039; stroke=&#039;black&#039; stroke-width=&#039;1&#039; stroke-linecap=&#039;square&#039; stroke-miterlimit=&#039;10&#039;%3E%3Cpath d=&#039;M0,6c6,0,0.9,11.1,6.9,11.1S18,6,24,6&#039;\/%3E%3C\/svg%3E&quot;);\">\n\t\t\t<span class=\"elementor-divider-separator\">\n\t\t\t\t\t\t<\/span>\n\t\t<\/div>\n\t\t\t\t\t\t<\/div>\n\t\t\t\t<\/div>\n\t\t\t\t<div class=\"elementor-element elementor-element-e019b73 elementor-widget elementor-widget-heading\" data-id=\"e019b73\" data-element_type=\"widget\" data-widget_type=\"heading.default\">\n\t\t\t\t<div class=\"elementor-widget-container\">\n\t\t\t\t\t<h2 class=\"elementor-heading-title elementor-size-default\">\ud83d\udd25Dimanche 24 mai \u00e0 21h 00 \ud83d\udd25<\/h2>\t\t\t\t<\/div>\n\t\t\t\t<\/div>\n\t\t\t\t\t<\/div>\n\t\t\t\t<\/div>\n\t\t<div class=\"elementor-element elementor-element-b14004e e-flex e-con-boxed e-con e-parent\" data-id=\"b14004e\" data-element_type=\"container\">\n\t\t\t\t\t<div class=\"e-con-inner\">\n\t\t<div class=\"elementor-element elementor-element-f7b71a5 e-con-full e-flex e-con e-child\" data-id=\"f7b71a5\" data-element_type=\"container\">\n\t\t\t\t<div class=\"elementor-element elementor-element-d684777 elementor-widget__width-initial elementor-widget elementor-widget-text-editor\" data-id=\"d684777\" data-element_type=\"widget\" data-widget_type=\"text-editor.default\">\n\t\t\t\t<div class=\"elementor-widget-container\">\n\t\t\t\t\t\t\t\t\t<p data-start=\"89\" data-end=\"124\"><img decoding=\"async\" class=\"emoji\" role=\"img\" draggable=\"false\" src=\"https:\/\/s.w.org\/images\/core\/emoji\/17.0.2\/svg\/1f3b6.svg\" alt=\"\ud83c\udfb6\" \/> <strong data-start=\"92\" data-end=\"119\">Soir\u00e9e Live \u00e0 L\u2019Oasis !<\/strong> <img decoding=\"async\" class=\"emoji\" role=\"img\" draggable=\"false\" src=\"https:\/\/s.w.org\/images\/core\/emoji\/17.0.2\/svg\/1f3b6.svg\" alt=\"\ud83c\udfb6\" \/><\/p>\n<p data-start=\"126\" data-end=\"229\">Le restaurant du camping <em data-start=\"151\" data-end=\"160\">L\u2019Oasis<\/em> vous invite \u00e0 une soir\u00e9e musicale conviviale et pleine d\u2019\u00e9nergie !<\/p>\n<p data-start=\"231\" data-end=\"357\"><img decoding=\"async\" class=\"emoji\" role=\"img\" draggable=\"false\" src=\"https:\/\/s.w.org\/images\/core\/emoji\/17.0.2\/svg\/1f449.svg\" alt=\"\ud83d\udc49\" \/> <strong data-start=\"234\" data-end=\"259\">Dimanche 24 mai \u00e0 21h<\/strong>, venez profiter du groupe <strong data-start=\"286\" data-end=\"298\">Let\u2019s Go<\/strong> pour une ambiance <strong data-start=\"317\" data-end=\"329\">Pop-Rock<\/strong> festive et entra\u00eenante <img decoding=\"async\" class=\"emoji\" role=\"img\" draggable=\"false\" src=\"https:\/\/s.w.org\/images\/core\/emoji\/17.0.2\/svg\/1f3b8.svg\" alt=\"\ud83c\udfb8\" \/><\/p>\n<p data-start=\"359\" data-end=\"523\">Que vous soyez en famille, entre amis ou simplement de passage, c\u2019est le moment id\u00e9al pour passer une excellente soir\u00e9e autour d\u2019un bon repas et de musique live !<\/p>\n<p data-start=\"525\" data-end=\"573\"><img decoding=\"async\" class=\"emoji\" role=\"img\" draggable=\"false\" src=\"https:\/\/s.w.org\/images\/core\/emoji\/17.0.2\/svg\/1f4de.svg\" alt=\"\ud83d\udcde\" \/> <strong data-start=\"528\" data-end=\"571\">R\u00e9servation conseill\u00e9e : 07.83.10.03.97<\/strong><\/p>\n<p data-start=\"575\" data-end=\"629\">On vous attend nombreux pour partager ce moment ! <img decoding=\"async\" class=\"emoji\" role=\"img\" draggable=\"false\" src=\"https:\/\/s.w.org\/images\/core\/emoji\/17.0.2\/svg\/1f31f.svg\" alt=\"\ud83c\udf1f\" \/><\/p>\t\t\t\t\t\t\t\t<\/div>\n\t\t\t\t<\/div>\n\t\t\t\t<\/div>\n\t\t<div class=\"elementor-element elementor-element-55bbea2 e-con-full e-flex e-con e-child\" data-id=\"55bbea2\" data-element_type=\"container\">\n\t\t\t\t<div class=\"elementor-element elementor-element-e4a8ab2 elementor-widget elementor-widget-image\" data-id=\"e4a8ab2\" data-element_type=\"widget\" data-widget_type=\"image.default\">\n\t\t\t\t<div class=\"elementor-widget-container\">\n\t\t\t\t\t\t\t\t\t\t\t\t\t\t\t<img loading=\"lazy\" decoding=\"async\" width=\"565\" height=\"1024\" src=\"https:\/\/europcamping.fr\/wp-content\/uploads\/2026\/04\/WhatsApp-Image-2026-04-01-at-09.10.27-565x1024.jpeg\" class=\"attachment-large size-large wp-image-3152\" alt=\"\" srcset=\"https:\/\/europcamping.fr\/wp-content\/uploads\/2026\/04\/WhatsApp-Image-2026-04-01-at-09.10.27-565x1024.jpeg 565w, https:\/\/europcamping.fr\/wp-content\/uploads\/2026\/04\/WhatsApp-Image-2026-04-01-at-09.10.27-166x300.jpeg 166w, https:\/\/europcamping.fr\/wp-content\/uploads\/2026\/04\/WhatsApp-Image-2026-04-01-at-09.10.27-768x1392.jpeg 768w, https:\/\/europcamping.fr\/wp-content\/uploads\/2026\/04\/WhatsApp-Image-2026-04-01-at-09.10.27-848x1536.jpeg 848w, https:\/\/europcamping.fr\/wp-content\/uploads\/2026\/04\/WhatsApp-Image-2026-04-01-at-09.10.27-596x1080.jpeg 596w, https:\/\/europcamping.fr\/wp-content\/uploads\/2026\/04\/WhatsApp-Image-2026-04-01-at-09.10.27.jpeg 883w\" sizes=\"(max-width: 565px) 100vw, 565px\" \/>\t\t\t\t\t\t\t\t\t\t\t\t\t\t\t<\/div>\n\t\t\t\t<\/div>\n\t\t\t\t<\/div>\n\t\t\t\t\t<\/div>\n\t\t\t\t<\/div>\n\t\t<div class=\"elementor-element elementor-element-50390cd e-flex e-con-boxed e-con e-parent\" data-id=\"50390cd\" data-element_type=\"container\">\n\t\t\t\t\t<div class=\"e-con-inner\">\n\t\t\t\t\t<\/div>\n\t\t\t\t<\/div>\n\t\t\t\t<\/div>\n\t\t","protected":false},"excerpt":{"rendered":"<p>ANIMATIONS SAISON 2026\u00a0\u00a0 \ud83d\udcda OUVERTURE DE LA BIBLIOTH\u00c8QUE \ud83c\udf89 \u00a0 Nous avons le plaisir de vous annoncer l\u2019ouverture de la biblioth\u00e8que du camping d\u00e9but mai ! \u00c0 cette occasion, un concours de dessin est organis\u00e9 du 1er au 25 mai \ud83d\udd8d\ufe0fVenez exprimer votre cr\u00e9ativit\u00e9 et tenter de gagner des glaces ! \ud83d\udc49 Ouvert \u00e0 tous,&hellip; <br \/> <a class=\"read-more\" href=\"https:\/\/europcamping.fr\/index.php\/animations-a-venir\/\">Lire la suite<\/a><\/p>\n","protected":false},"author":5,"featured_media":0,"parent":0,"menu_order":0,"comment_status":"closed","ping_status":"closed","template":"","meta":{"footnotes":""},"class_list":["post-3255","page","type-page","status-publish","hentry"],"_links":{"self":[{"href":"https:\/\/europcamping.fr\/index.php\/wp-json\/wp\/v2\/pages\/3255","targetHints":{"allow":["GET"]}}],"collection":[{"href":"https:\/\/europcamping.fr\/index.php\/wp-json\/wp\/v2\/pages"}],"about":[{"href":"https:\/\/europcamping.fr\/index.php\/wp-json\/wp\/v2\/types\/page"}],"author":[{"embeddable":true,"href":"https:\/\/europcamping.fr\/index.php\/wp-json\/wp\/v2\/users\/5"}],"replies":[{"embeddable":true,"href":"https:\/\/europcamping.fr\/index.php\/wp-json\/wp\/v2\/comments?post=3255"}],"version-history":[{"count":15,"href":"https:\/\/europcamping.fr\/index.php\/wp-json\/wp\/v2\/pages\/3255\/revisions"}],"predecessor-version":[{"id":3316,"href":"https:\/\/europcamping.fr\/index.php\/wp-json\/wp\/v2\/pages\/3255\/revisions\/3316"}],"wp:attachment":[{"href":"https:\/\/europcamping.fr\/index.php\/wp-json\/wp\/v2\/media?parent=3255"}],"curies":[{"name":"wp","href":"https:\/\/api.w.org\/{rel}","templated":true}]}}