{"id":463,"date":"2025-07-04T13:00:36","date_gmt":"2025-07-04T11:00:36","guid":{"rendered":"https:\/\/europcamping.fr\/?page_id=463"},"modified":"2025-07-09T17:41:38","modified_gmt":"2025-07-09T15:41:38","slug":"mentions-legales","status":"publish","type":"page","link":"https:\/\/europcamping.fr\/index.php\/mentions-legales\/","title":{"rendered":"Mentions l\u00e9gales et politique de confidentialit\u00e9"},"content":{"rendered":"\n<p>Le site est d\u00e9tenu par la SA les Jardins de Villepey &#8211; Europcampinp dont le capital s&rsquo;\u00e9l\u00e8ve \u00e0 472 188.00 \u20ac. Elle est dirig\u00e9e par un Conseil d&rsquo;Administration \u00e9lu parmi les actionnaires et compos\u00e9 d&rsquo;un PDG (M Pascal SALIM) et de trois directeurs (Mme Ghislaine MERMOZ, M Guy LAMBERT et M Thierry LEBRETON). <\/p>\n\n\n\n<p>Le si\u00e8ge est situ\u00e9 au 77 route d\u00e9partementale 7 \u00e0 Saint-Aygulf 83370. <\/p>\n\n\n\n<p>La SA est enregistr\u00e9 sous le num\u00e9ro 683 750 145 au RCS de Fr\u00e9jus.<\/p>\n\n\n\n<p>Contact : <\/p>\n\n\n\n<ul class=\"wp-block-list\">\n<li>t\u00e9l\u00e9phone : 04 94 81 25 25 <\/li>\n\n\n\n<li>mail : contact@europcamping.fr <\/li>\n<\/ul>\n\n\n\n<p>Les images et documents relevant de la propri\u00e9t\u00e9 intellectuelle sont d\u00e9tenus par la SA. <\/p>\n\n\n\n<p>Le site est h\u00e9berg\u00e9 sur les serveurs d&rsquo;OVH.<\/p>\n\n\n\n<p>Ce site n&rsquo;utilise pas les cookies. <\/p>\n","protected":false},"excerpt":{"rendered":"<p>Le site est d\u00e9tenu par la SA les Jardins de Villepey &#8211; Europcampinp dont le capital s&rsquo;\u00e9l\u00e8ve \u00e0 472 188.00 \u20ac. Elle est dirig\u00e9e par un Conseil d&rsquo;Administration \u00e9lu parmi les actionnaires et compos\u00e9 d&rsquo;un PDG (M Pascal SALIM) et de trois directeurs (Mme Ghislaine MERMOZ, M Guy LAMBERT et M Thierry LEBRETON). Le si\u00e8ge&hellip; <br \/> <a class=\"read-more\" href=\"https:\/\/europcamping.fr\/index.php\/mentions-legales\/\">Lire la suite<\/a><\/p>\n","protected":false},"author":3,"featured_media":0,"parent":0,"menu_order":0,"comment_status":"closed","ping_status":"closed","template":"","meta":{"footnotes":""},"class_list":["post-463","page","type-page","status-publish","hentry"],"_links":{"self":[{"href":"https:\/\/europcamping.fr\/index.php\/wp-json\/wp\/v2\/pages\/463","targetHints":{"allow":["GET"]}}],"collection":[{"href":"https:\/\/europcamping.fr\/index.php\/wp-json\/wp\/v2\/pages"}],"about":[{"href":"https:\/\/europcamping.fr\/index.php\/wp-json\/wp\/v2\/types\/page"}],"author":[{"embeddable":true,"href":"https:\/\/europcamping.fr\/index.php\/wp-json\/wp\/v2\/users\/3"}],"replies":[{"embeddable":true,"href":"https:\/\/europcamping.fr\/index.php\/wp-json\/wp\/v2\/comments?post=463"}],"version-history":[{"count":5,"href":"https:\/\/europcamping.fr\/index.php\/wp-json\/wp\/v2\/pages\/463\/revisions"}],"predecessor-version":[{"id":503,"href":"https:\/\/europcamping.fr\/index.php\/wp-json\/wp\/v2\/pages\/463\/revisions\/503"}],"wp:attachment":[{"href":"https:\/\/europcamping.fr\/index.php\/wp-json\/wp\/v2\/media?parent=463"}],"curies":[{"name":"wp","href":"https:\/\/api.w.org\/{rel}","templated":true}]}}